{"id":10,"date":"2020-02-23T01:58:05","date_gmt":"2020-02-23T01:58:05","guid":{"rendered":"https:\/\/shop.hubert-hofherr.de\/?page_id=10"},"modified":"2020-02-23T04:22:55","modified_gmt":"2020-02-23T04:22:55","slug":"widerrufsbelehrung","status":"publish","type":"page","link":"https:\/\/shop.hubert-hofherr.de\/?page_id=10","title":{"rendered":"Widerrufsbelehrung"},"content":{"rendered":"<p>Der Kunde kann seine Vertragserkl\u00e4rung innerhalb von 14 Tagen ohne Angabe von Gr\u00fcnden in Textform (z.B. Brief, E-Mail) oder \u2013 wenn dem Kunde die bestellen Waren vor Fristablauf \u00fcberlassen werden \u2013 durch R\u00fccksendung der bestellten Waren widerrufen. Diese Frist beginnt nach Eingang der Ware beim Kunden oder bei einem von ihm benanntem Dritten, der nicht der Bef\u00f6rderer ist. Zur Wahrung der Widerrufsfrist gen\u00fcgt die rechtzeitige Absendung des Widerrufs oder der bestellten Waren. Der Widerruf ist zu richten an (E-Mail bevorzugt):<\/p>\n<p>Hubert Hofherr<br \/>\nErnst-Platz-Strasse 49<br \/>\n80992 M\u00fcnchen<br \/>\nTel.:    +49 89 &#8211; 29 82 69<br \/>\nEmail: huberthofherr(at)web.de<\/p>\n<p>Ein Widerrufsrecht besteht nicht, wenn die bestellen Waren nach Kundenspezifikation angefertigt wurden oder eindeutig auf die pers\u00f6nlichen Bed\u00fcrfnisse zugeschnitten worden sind oder aufgrund ihrer Beschaffenheit nicht f\u00fcr eine R\u00fccksendung geeignet sind. Zus\u00e4tzlich besteht das Widerrufsrecht nicht f\u00fcr Audio- oder Videoaufzeichnungen oder f\u00fcr Software auf Datentr\u00e4gern, wenn die gelieferten Datentr\u00e4ger vom Kunden entsiegelt worden sind.<\/p>\n<p>Im Fall eines wirksamen Widerrufs, hat Hubert Hofherr dem Kunden alle Zahlungen, die Hubert Hofherr vom Kunden erhalten hat \u2013 einschlie\u00dflich Lieferkosten (mit Ausnahme der zus\u00e4tzlichen Kosten, die sich daraus ergeben, dass der Kunde eine andere Art der Lieferung als die von uns angebotene, g\u00fcnstigste Standardlieferung gew\u00e4hlt hat) \u2013 sp\u00e4testens binnen 14 Tagen ab Eingang des Widerrufs zur\u00fcckzuzahlen. F\u00fcr die R\u00fcckzahlung verwendet Hubert Hofherr dasselbe Zahlungsmittel, das der Kunde bei der urspr\u00fcnglichen Transaktion eingesetzt hat, solange nicht ausdr\u00fccklich etwas anderes vereinbart wurde. F\u00fcr die R\u00fcckzahlung wird kein Entgelt berechnet.<\/p>\n<p>Hubert Hofherr kann die R\u00fcckzahlung allerdings verweigern, bis Hubert Hofherr die Waren zur\u00fcckerhalten hat oder der Kunde den Nachweis erbracht hat, dass er die Waren zur\u00fcckgesandt hat.<\/p>\n<p>Der Kunde hat die Waren unverz\u00fcglich und in jedem Fall sp\u00e4testens binnen 14 Tagen ab dem Tag, an dem er Hubert Hofherr \u00fcber den Widerruf dieses Vertrages unterrichtet hat, an Hubert Hofherr zur\u00fcckzusenden oder zu \u00fcbergeben. Die Frist ist gewahrt, wenn der Kunde die Waren vor Ablauf der Frist von 14 Tagen absendet. Der Kunde tr\u00e4gt die unmittelbaren Kosten der R\u00fccksendung der Waren.<\/p>\n<p>Kann der Kunde Hubert Hofherr die bestellte Ware ganz oder teilweise nicht oder nur in verschlechtertem Zustand zur\u00fcckgew\u00e4hren, muss der Kunde Hubert Hofherr gegebenenfalls Wertersatz leisten.<\/p>\n<p>Ende der Widerrufsbelehrung.<\/p>\n","protected":false},"excerpt":{"rendered":"<p>Der Kunde kann seine Vertragserkl\u00e4rung innerhalb von 14 Tagen ohne Angabe von Gr\u00fcnden in Textform (z.B. Brief, E-Mail) oder \u2013 wenn dem Kunde die bestellen Waren vor Fristablauf \u00fcberlassen werden<\/p>\n","protected":false},"author":1,"featured_media":0,"parent":0,"menu_order":0,"comment_status":"closed","ping_status":"closed","template":"template-fullwidth.php","meta":{"footnotes":""},"class_list":{"1":"page","2":"type-page","3":"status-publish","4":"hentry"},"jetpack_sharing_enabled":true,"_links":{"self":[{"href":"https:\/\/shop.hubert-hofherr.de\/index.php?rest_route=\/wp\/v2\/pages\/10","targetHints":{"allow":["GET"]}}],"collection":[{"href":"https:\/\/shop.hubert-hofherr.de\/index.php?rest_route=\/wp\/v2\/pages"}],"about":[{"href":"https:\/\/shop.hubert-hofherr.de\/index.php?rest_route=\/wp\/v2\/types\/page"}],"author":[{"embeddable":true,"href":"https:\/\/shop.hubert-hofherr.de\/index.php?rest_route=\/wp\/v2\/users\/1"}],"replies":[{"embeddable":true,"href":"https:\/\/shop.hubert-hofherr.de\/index.php?rest_route=%2Fwp%2Fv2%2Fcomments&post=10"}],"version-history":[{"count":2,"href":"https:\/\/shop.hubert-hofherr.de\/index.php?rest_route=\/wp\/v2\/pages\/10\/revisions"}],"predecessor-version":[{"id":53,"href":"https:\/\/shop.hubert-hofherr.de\/index.php?rest_route=\/wp\/v2\/pages\/10\/revisions\/53"}],"wp:attachment":[{"href":"https:\/\/shop.hubert-hofherr.de\/index.php?rest_route=%2Fwp%2Fv2%2Fmedia&parent=10"}],"curies":[{"name":"wp","href":"https:\/\/api.w.org\/{rel}","templated":true}]}}