{"id":15,"date":"2020-02-23T01:59:58","date_gmt":"2020-02-23T01:59:58","guid":{"rendered":"https:\/\/shop.hubert-hofherr.de\/?page_id=15"},"modified":"2024-04-23T10:44:06","modified_gmt":"2024-04-23T10:44:06","slug":"warenkorb","status":"publish","type":"page","link":"https:\/\/shop.hubert-hofherr.de\/?page_id=15","title":{"rendered":"Warenkorb"},"content":{"rendered":"<p><B>Achtung:<\/B><br \/>\nAlle Preise sind inkl. der gesetzlichen MwSt. und ohne Versandkosten!<br \/>\nNach dem Kauf schicken wir Ihnen eine Email, diese enth\u00e4lt eine Rechnung mit den jeweils anfallenden Versandkosten und unseren Bankdaten, damit Sie \u00fcberweisen k\u00f6nnen. Vielen Dank.<br \/>\n<div class=\"woocommerce\"><div class=\"woocommerce-notices-wrapper\"><\/div><div class=\"wc-empty-cart-message\">\n\t<div class=\"cart-empty woocommerce-info\" role=\"status\">\n\t\tIhr Warenkorb ist gegenw\u00e4rtig leer.\t<\/div>\n<\/div>\t<p class=\"return-to-shop\">\n\t\t<a class=\"button wc-backward\" href=\"https:\/\/shop.hubert-hofherr.de\/\">\n\t\t\tZur\u00fcck zum Shop\t\t<\/a>\n\t<\/p>\n<\/div><\/p>\n","protected":false},"excerpt":{"rendered":"","protected":false},"author":1,"featured_media":0,"parent":0,"menu_order":0,"comment_status":"closed","ping_status":"closed","template":"","meta":{"footnotes":""},"class_list":{"1":"page","2":"type-page","3":"status-publish","4":"hentry"},"jetpack_sharing_enabled":true,"_links":{"self":[{"href":"https:\/\/shop.hubert-hofherr.de\/index.php?rest_route=\/wp\/v2\/pages\/15","targetHints":{"allow":["GET"]}}],"collection":[{"href":"https:\/\/shop.hubert-hofherr.de\/index.php?rest_route=\/wp\/v2\/pages"}],"about":[{"href":"https:\/\/shop.hubert-hofherr.de\/index.php?rest_route=\/wp\/v2\/types\/page"}],"author":[{"embeddable":true,"href":"https:\/\/shop.hubert-hofherr.de\/index.php?rest_route=\/wp\/v2\/users\/1"}],"replies":[{"embeddable":true,"href":"https:\/\/shop.hubert-hofherr.de\/index.php?rest_route=%2Fwp%2Fv2%2Fcomments&post=15"}],"version-history":[{"count":2,"href":"https:\/\/shop.hubert-hofherr.de\/index.php?rest_route=\/wp\/v2\/pages\/15\/revisions"}],"predecessor-version":[{"id":402,"href":"https:\/\/shop.hubert-hofherr.de\/index.php?rest_route=\/wp\/v2\/pages\/15\/revisions\/402"}],"wp:attachment":[{"href":"https:\/\/shop.hubert-hofherr.de\/index.php?rest_route=%2Fwp%2Fv2%2Fmedia&parent=15"}],"curies":[{"name":"wp","href":"https:\/\/api.w.org\/{rel}","templated":true}]}}